{"id":1755,"date":"2021-12-08T15:15:39","date_gmt":"2021-12-08T15:15:39","guid":{"rendered":"https:\/\/www.bencis.com\/support\/"},"modified":"2023-01-17T08:28:12","modified_gmt":"2023-01-17T08:28:12","slug":"partenaires-initiatives","status":"publish","type":"page","link":"https:\/\/bencis.com\/fr\/partenaires-initiatives\/","title":{"rendered":"Partenaires &#038; Initiatives"},"content":{"rendered":"            <div class=\"full-text-module trigger-in-view  \" style=\"background-color: ;\">\r\n            <div class=\"inner cf\">\r\n                <div class=\"text-wrap fade-in\">\r\n                    <h1>Partenaires &amp; Initiatives<\/h1>\n<p>\u2013<\/p>\n<h1>Bencis soutient Level 20<\/h1>\n<h5>Level 20 est une organisation \u00e0 but non lucratif qui se consacre \u00e0 l&rsquo;am\u00e9lioration de la diversit\u00e9 des genres dans le secteur europ\u00e9en du capital-investissement.<\/h5>\n<p>Notre ambition est que les femmes occupent 20 % des postes \u00e0 responsabilit\u00e9 dans ce secteur dynamique. \u00c0 cette fin, nous nous effor\u00e7ons d&rsquo;inciter les femmes \u00e0 rejoindre le secteur du capital-investissement, en particulier \u00e0 des postes d&rsquo;investissement, et de les aider \u00e0 r\u00e9ussir en leur apportant un soutien et en facilitant le partage de connaissances et d&rsquo;exp\u00e9riences. Notre derni\u00e8re \u00e9tude avec la British Venture Capital Association, achev\u00e9e en mars 2021, montre que 10% des r\u00f4les d&rsquo;investissement senior sont occup\u00e9s par des femmes, contre 6% en 2018.<\/p>\n                <\/div><!--end of text-wrap-->\r\n            <\/div><!--end of inner-->\r\n        <\/div><!--end of full-text-module-->\r\n\t\t\n\n        <div class=\"image-text-module trigger-in-view \" style=\"background-color: ;\">\r\n            <div class=\"inner cf fade-in\">\r\n                <div class=\"image-text-module__slider  \">\r\n                                        <div class=\"image-text-module__slide\">\r\n                        <div class=\"img-wrap\">\r\n                                \t\r\n\t\t\t\t<div class='img webp' style='background-image: url(https:\/\/bencis.com\/wp-content\/uploads\/2021\/12\/image-text-img-2.webp);'><\/div><!--end of img-wrap-->\r\n\t\t\t\t\t\t<div class='img' style='background-image: url(https:\/\/bencis.com\/wp-content\/uploads\/2021\/12\/image-text-img-2.jpg);'><\/div><!--end of img-wrap-->\r\n\t\t\t\r\n\t                            <span>Level 20<\/span>\r\n                        <\/div><!--end of img-wrap-->\r\n\r\n                        <div class=\"text-wrap\">\r\n                            <p><img loading=\"lazy\" decoding=\"async\" class=\"alignnone wp-image-3770\" src=\"https:\/\/bencis.com\/wp-content\/uploads\/2022\/04\/Level-20-wit.png\" alt=\"\" width=\"94\" height=\"89\" \/><\/p>\n<p>Les femmes sont moins nombreuses que les hommes \u00e0 entrer dans le secteur du capital-investissement et seule une petite partie d&rsquo;entre elles progressent pour occuper des postes de direction. Nous pensons qu&rsquo;une participation accrue des femmes, en particulier aux postes de direction, conduira \u00e0 une performance am\u00e9lior\u00e9e et durable des investissements. De nombreuses \u00e9tudes ont montr\u00e9 une corr\u00e9lation entre la diversit\u00e9 des sexes dans les \u00e9quipes dirigeantes et un meilleur rendement des capitaux propres dans les soci\u00e9t\u00e9s cot\u00e9es. Nous ne voyons aucune raison pour que le capital-investissement soit diff\u00e9rent.<\/p>\n\t\t<div class=\"btn \">\r\n\t\t\t<a href=\"https:\/\/www.level20.org\/\" target=\"_blank\" >Website<\/a>\r\n\t\t<\/div>\r\n\t\t                        <\/div><!--end of text-wrap-->\r\n                    <\/div><!--end of image-text-module__slide-->\r\n                                    <\/div><!--end of image-text-module__slider-->\r\n            <\/div><!--end of inner-->\r\n        <\/div><!--end of image-text-module-->\r\n\t\t\n\n        <div class=\"quote-module align-center trigger-in-view\" style=\"background-color: ;\">\r\n            <div class=\"inner cf\">\r\n                <blockquote class=\"fade-in\">\r\n                    <p>Level 20 est une organisation \u00e0 but non lucratif qui vise \u00e0 inciter davantage de femmes \u00e0 rejoindre le secteur du capital-investissement et \u00e0 y r\u00e9ussir.<\/p>\r\n                <\/blockquote>\r\n            <\/div><!--end of inner-->\r\n        <\/div><!--end of quote-module-->\r\n\t\t\n\n            <div class=\"full-text-module trigger-in-view  \" style=\"background-color: #f8f8f8;\">\r\n            <div class=\"inner cf\">\r\n                <div class=\"text-wrap fade-in\">\r\n                    <h2>Bencis soutient la Jeroen Pit Huis<\/h2>\n<h5>Jeroen Pit (20 mai 1968 &#8211; 5 f\u00e9vrier 2012) \u00e9tait une forte personnalit\u00e9. Une personne sociable, un ami sp\u00e9cial et un mari et p\u00e8re d\u00e9vou\u00e9.<\/h5>\n<p>Jeroen Pit a \u00e9tudi\u00e9 l&rsquo;\u00e9conom\u00e9trie puis l&rsquo;\u00e9conomie \u00e0 l&rsquo;universit\u00e9 d&rsquo;Amsterdam et a commenc\u00e9 sa carri\u00e8re dans la finance d&rsquo;entreprise chez Mees Pierson.<\/p>\n<p>\u00c0 partir de 1998, Jeroen a travaill\u00e9 comme entrepreneur ind\u00e9pendant et, en 2004, il a cr\u00e9\u00e9 la soci\u00e9t\u00e9 d&rsquo;investissement Bencis Capital Partners avec Zoran van Gessel.<\/p>\n                <\/div><!--end of text-wrap-->\r\n            <\/div><!--end of inner-->\r\n        <\/div><!--end of full-text-module-->\r\n\t\t\n\n        <div class=\"image-text-module trigger-in-view  switch \" style=\"background-color: #f8f8f8;\">\r\n            <div class=\"inner cf fade-in\">\r\n                <div class=\"image-text-module__slider  \">\r\n                                        <div class=\"image-text-module__slide\">\r\n                        <div class=\"img-wrap\">\r\n                                \t\r\n\t\t\t\t<div class='img webp' style='background-image: url(https:\/\/bencis.com\/wp-content\/uploads\/2021\/12\/image-text-img-3.webp);'><\/div><!--end of img-wrap-->\r\n\t\t\t\t\t\t<div class='img' style='background-image: url(https:\/\/bencis.com\/wp-content\/uploads\/2021\/12\/image-text-img-3.jpg);'><\/div><!--end of img-wrap-->\r\n\t\t\t\r\n\t                            <span>Jeroen Pit<\/span>\r\n                        <\/div><!--end of img-wrap-->\r\n\r\n                        <div class=\"text-wrap\">\r\n                            <p><img loading=\"lazy\" decoding=\"async\" class=\"alignnone wp-image-3765\" src=\"https:\/\/bencis.com\/wp-content\/uploads\/2022\/04\/Jeroen-Pit-wit.png\" alt=\"\" width=\"95\" height=\"67\" \/><\/p>\n<p>Jeroen Pit \u00e9tait une forte personnalit\u00e9. Une personne sociable, un ami sp\u00e9cial, un mari et un p\u00e8re d\u00e9vou\u00e9. Il faisait tout ce qu&rsquo;il pouvait pour passer le plus de temps possible avec sa famille et ses proches. C\u00e9l\u00e9brer la vie comme elle venait. Partager les bonnes choses de la vie avec les autres. Comme nul autre, il \u00e9tait capable de montrer \u00e0 ses enfants, ainsi qu&rsquo;\u00e0 ceux des autres, le c\u00f4t\u00e9 positif de la vie. Il pouvait leur donner ce coup de pouce suppl\u00e9mentaire de motivation et de confiance quand ils en avaient besoin.<\/p>\n\t\t<div class=\"btn \">\r\n\t\t\t<a href=\"https:\/\/hetjeroenpithuis.nl\/\" target=\"_blank\" >Website<\/a>\r\n\t\t<\/div>\r\n\t\t                        <\/div><!--end of text-wrap-->\r\n                    <\/div><!--end of image-text-module__slide-->\r\n                                    <\/div><!--end of image-text-module__slider-->\r\n            <\/div><!--end of inner-->\r\n        <\/div><!--end of image-text-module-->\r\n\t\t\n\n        <div class=\"quote-module align-center trigger-in-view\" style=\"background-color: #f8f8f8;\">\r\n            <div class=\"inner cf\">\r\n                <blockquote class=\"fade-in\">\r\n                    <p>Jeroen Pit \u00e9tait une forte personnalit\u00e9. Une personne sociable, un ami sp\u00e9cial, un mari et un p\u00e8re d\u00e9vou\u00e9.<\/p>\r\n                <\/blockquote>\r\n            <\/div><!--end of inner-->\r\n        <\/div><!--end of quote-module-->\r\n\t\t\n\n        <div class=\"image-text-module trigger-in-view  style-two  switch \" style=\"background-color: ;\">\r\n            <div class=\"inner cf fade-in\">\r\n                <div class=\"image-text-module__slider  \">\r\n                                        <div class=\"image-text-module__slide\">\r\n                        <div class=\"img-wrap\">\r\n                                                            <span><\/span>\r\n                        <\/div><!--end of img-wrap-->\r\n\r\n                        <div class=\"text-wrap\">\r\n                            <h2>Connect\u00e9 au NVP<\/h2>\n<p>La Nederlandse Vereniging van Participatiemaatschappijen (NVP) est l&rsquo;organisme sectoriel et le d\u00e9fenseur des politiques publiques pour le secteur du capital-investissement et du capital-risque aux Pays-Bas. La NVP est le point de contact pour toute personne qui souhaite en savoir plus sur ces investisseurs.<\/p>\n<p>La NVP a \u00e9t\u00e9 fond\u00e9e en 1984 et repr\u00e9sente 90% des capitaux sous gestion aux Pays-Bas. Ses membres sont des soci\u00e9t\u00e9s nationales et internationales de capital-investissement et de capital-risque. Les membres associ\u00e9s sont impliqu\u00e9s professionnellement ou commercialement dans les investissements. Il s&rsquo;agit de cabinets d&rsquo;avocats, de consultants, de sp\u00e9cialistes fiscaux, de comptables et d&rsquo;autres conseillers.<\/p>\n<p><img loading=\"lazy\" decoding=\"async\" class=\"alignnone wp-image-3785\" src=\"https:\/\/bencis.com\/wp-content\/uploads\/2022\/04\/NVP-Green-300x172.png\" alt=\"\" width=\"149\" height=\"85\" srcset=\"https:\/\/bencis.com\/wp-content\/uploads\/2022\/04\/NVP-Green-300x172.png 300w, https:\/\/bencis.com\/wp-content\/uploads\/2022\/04\/NVP-Green-768x439.png 768w, https:\/\/bencis.com\/wp-content\/uploads\/2022\/04\/NVP-Green.png 927w\" sizes=\"auto, (max-width: 149px) 100vw, 149px\" \/><\/p>\n\t\t<div class=\"btn \">\r\n\t\t\t<a href=\"https:\/\/nvp.nl\/\" target=\"_blank\" >Website<\/a>\r\n\t\t<\/div>\r\n\t\t                        <\/div><!--end of text-wrap-->\r\n                    <\/div><!--end of image-text-module__slide-->\r\n                                    <\/div><!--end of image-text-module__slider-->\r\n            <\/div><!--end of inner-->\r\n        <\/div><!--end of image-text-module-->\r\n\t\t\n\n        <div class=\"quote-module align-center trigger-in-view\" style=\"background-color: #ffffff;\">\r\n            <div class=\"inner cf\">\r\n                <blockquote class=\"fade-in\">\r\n                    <p>Le NVP est le point de contact pour tous ceux qui veulent en savoir plus sur ces investisseurs<\/p>\r\n                <\/blockquote>\r\n            <\/div><!--end of inner-->\r\n        <\/div><!--end of quote-module-->\r\n\t\t\n\n        <div class=\"image-text-module trigger-in-view  style-two  switch \" style=\"background-color: ;\">\r\n            <div class=\"inner cf fade-in\">\r\n                <div class=\"image-text-module__slider  \">\r\n                                        <div class=\"image-text-module__slide\">\r\n                        <div class=\"img-wrap\">\r\n                                \t\r\n\t\t\t\t<div class='img webp' style='background-image: url(https:\/\/bencis.com\/wp-content\/uploads\/2021\/12\/20210720_090-kopieren-1440x0-c-default.webp);'><\/div><!--end of img-wrap-->\r\n\t\t\t\t\t\t<div class='img' style='background-image: url(https:\/\/bencis.com\/wp-content\/uploads\/2021\/12\/20210720_090-kopieren-1440x0-c-default.jpeg);'><\/div><!--end of img-wrap-->\r\n\t\t\t\r\n\t                            <span><\/span>\r\n                        <\/div><!--end of img-wrap-->\r\n\r\n                        <div class=\"text-wrap\">\r\n                            <h2>Soutient Trees for All<\/h2>\n<p>Trees for All a plus de 20 ans d&rsquo;exp\u00e9rience et est une organisation d&rsquo;utilit\u00e9 publique (ANBI) avec un certificat CBF. La CBF v\u00e9rifie que les organisations caritatives reconnues r\u00e9pondent \u00e0 des exigences de qualit\u00e9 strictes, garantissant ainsi que votre don contribue \u00e0 un monde meilleur et que vous pouvez faire confiance \u00e0 Trees for All.<\/p>\n<p>Les arbres et les for\u00eats jouent un r\u00f4le crucial dans la lutte contre le changement climatique et la perte de biodiversit\u00e9. Il n&rsquo;y a pas de vie sans arbres. C&rsquo;est pourquoi nous plantons de nouvelles for\u00eats dans le monde entier, restaurons les for\u00eats d\u00e9grad\u00e9es et sensibilisons les gens \u00e0 l&rsquo;importance des arbres, que ce soit pr\u00e8s de chez eux ou \u00e0 l&rsquo;autre bout du monde. Nos projets contribuent \u00e0 cr\u00e9er un meilleur climat, une plus grande biodiversit\u00e9 et des conditions de vie plus saines pour tous.<\/p>\n<p><img loading=\"lazy\" decoding=\"async\" class=\"alignnone wp-image-3790\" src=\"https:\/\/bencis.com\/wp-content\/uploads\/2022\/04\/trees-for-all-green-237x300.png\" alt=\"\" width=\"103\" height=\"130\" srcset=\"https:\/\/bencis.com\/wp-content\/uploads\/2022\/04\/trees-for-all-green-237x300.png 237w, https:\/\/bencis.com\/wp-content\/uploads\/2022\/04\/trees-for-all-green.png 571w\" sizes=\"auto, (max-width: 103px) 100vw, 103px\" \/><\/p>\n\t\t<div class=\"btn \">\r\n\t\t\t<a href=\"https:\/\/treesforall.nl\/en\/\" target=\"_blank\" >Website<\/a>\r\n\t\t<\/div>\r\n\t\t                        <\/div><!--end of text-wrap-->\r\n                    <\/div><!--end of image-text-module__slide-->\r\n                                    <\/div><!--end of image-text-module__slider-->\r\n            <\/div><!--end of inner-->\r\n        <\/div><!--end of image-text-module-->\r\n\t\t\n\n            <div class=\"full-text-module trigger-in-view  \" style=\"background-color: #f8f8f8;\">\r\n            <div class=\"inner cf\">\r\n                <div class=\"text-wrap fade-in\">\r\n                    <h2>Bencis soutient Spacebuzz<\/h2>\n                <\/div><!--end of text-wrap-->\r\n            <\/div><!--end of inner-->\r\n        <\/div><!--end of full-text-module-->\r\n\t\t\n\n        <div class=\"image-text-module trigger-in-view  switch \" style=\"background-color: #f8f8f8;\">\r\n            <div class=\"inner cf fade-in\">\r\n                <div class=\"image-text-module__slider  \">\r\n                                        <div class=\"image-text-module__slide\">\r\n                        <div class=\"img-wrap\">\r\n                                \t\r\n\t\t\t\t<div class='img webp' style='background-image: url(https:\/\/bencis.com\/wp-content\/uploads\/2022\/05\/Spacebuzz-Bencis.webp);'><\/div><!--end of img-wrap-->\r\n\t\t\t\t\t\t<div class='img' style='background-image: url(https:\/\/bencis.com\/wp-content\/uploads\/2022\/05\/Spacebuzz-Bencis.jpeg);'><\/div><!--end of img-wrap-->\r\n\t\t\t\r\n\t                            <span>Spacebuzz<\/span>\r\n                        <\/div><!--end of img-wrap-->\r\n\r\n                        <div class=\"text-wrap\">\r\n                            <p><img loading=\"lazy\" decoding=\"async\" class=\"alignnone size-full wp-image-4456\" src=\"https:\/\/bencis.com\/wp-content\/uploads\/2022\/05\/spacebuzz-logo.png\" alt=\"\" width=\"219\" height=\"33\" \/><\/p>\n<p>The non-profit SpaceBuzz educational foundation is inspired by the \u2018Overview Effect\u2019, that &#8211; until recently &#8211; only astronauts in space were able to experience. We want every child in the world to follow in the footsteps of astronauts and experience this for themselves.<\/p>\n\t\t<div class=\"btn \">\r\n\t\t\t<a href=\"https:\/\/www.spacebuzz.nl\/\" target=\"_blank\" >Website<\/a>\r\n\t\t<\/div>\r\n\t\t                        <\/div><!--end of text-wrap-->\r\n                    <\/div><!--end of image-text-module__slide-->\r\n                                    <\/div><!--end of image-text-module__slider-->\r\n            <\/div><!--end of inner-->\r\n        <\/div><!--end of image-text-module-->\r\n\t\t\n\n        <div class=\"quote-module align-center trigger-in-view\" style=\"background-color: #f8f8f8;\">\r\n            <div class=\"inner cf\">\r\n                <blockquote class=\"fade-in\">\r\n                    <p>We want every child in the world to follow in the footsteps of astronauts and experience this for themselves.<\/p>\r\n                <\/blockquote>\r\n            <\/div><!--end of inner-->\r\n        <\/div><!--end of quote-module-->\r\n\t\t","protected":false},"excerpt":{"rendered":"","protected":false},"author":1,"featured_media":0,"parent":0,"menu_order":0,"comment_status":"closed","ping_status":"closed","template":"","meta":{"_acf_changed":false,"footnotes":""},"class_list":["post-1755","page","type-page","status-publish","hentry"],"acf":[],"yoast_head":"<!-- This site is optimized with the Yoast SEO plugin v27.3 - https:\/\/yoast.com\/product\/yoast-seo-wordpress\/ -->\n<title>Partenaires &amp; Initiatives | Bencis<\/title>\n<meta name=\"description\" content=\"Bencis soutient divers partenaires et initiatives, notamment Level20, Jeroen Pit Huis, NVP et Trees for All.\" \/>\n<meta name=\"robots\" content=\"index, follow, max-snippet:-1, max-image-preview:large, max-video-preview:-1\" \/>\n<link rel=\"canonical\" href=\"https:\/\/bencis.com\/fr\/partenaires-initiatives\/\" \/>\n<meta property=\"og:locale\" content=\"fr_FR\" \/>\n<meta property=\"og:type\" content=\"article\" \/>\n<meta property=\"og:title\" content=\"Partenaires &amp; Initiatives | Bencis\" \/>\n<meta property=\"og:description\" content=\"Bencis soutient divers partenaires et initiatives, notamment Level20, Jeroen Pit Huis, NVP et Trees for All.\" \/>\n<meta property=\"og:url\" content=\"https:\/\/bencis.com\/fr\/partenaires-initiatives\/\" \/>\n<meta property=\"og:site_name\" content=\"Bencis\" \/>\n<meta property=\"article:modified_time\" content=\"2023-01-17T08:28:12+00:00\" \/>\n<meta name=\"twitter:card\" content=\"summary_large_image\" \/>\n<script type=\"application\/ld+json\" class=\"yoast-schema-graph\">{\"@context\":\"https:\\\/\\\/schema.org\",\"@graph\":[{\"@type\":\"WebPage\",\"@id\":\"https:\\\/\\\/bencis.com\\\/fr\\\/partenaires-initiatives\\\/\",\"url\":\"https:\\\/\\\/bencis.com\\\/fr\\\/partenaires-initiatives\\\/\",\"name\":\"Partenaires & Initiatives | Bencis\",\"isPartOf\":{\"@id\":\"https:\\\/\\\/bencis.com\\\/#website\"},\"datePublished\":\"2021-12-08T15:15:39+00:00\",\"dateModified\":\"2023-01-17T08:28:12+00:00\",\"description\":\"Bencis soutient divers partenaires et initiatives, notamment Level20, Jeroen Pit Huis, NVP et Trees for All.\",\"breadcrumb\":{\"@id\":\"https:\\\/\\\/bencis.com\\\/fr\\\/partenaires-initiatives\\\/#breadcrumb\"},\"inLanguage\":\"fr-FR\",\"potentialAction\":[{\"@type\":\"ReadAction\",\"target\":[\"https:\\\/\\\/bencis.com\\\/fr\\\/partenaires-initiatives\\\/\"]}]},{\"@type\":\"BreadcrumbList\",\"@id\":\"https:\\\/\\\/bencis.com\\\/fr\\\/partenaires-initiatives\\\/#breadcrumb\",\"itemListElement\":[{\"@type\":\"ListItem\",\"position\":1,\"name\":\"Home\",\"item\":\"https:\\\/\\\/bencis.com\\\/fr\\\/\"},{\"@type\":\"ListItem\",\"position\":2,\"name\":\"Partenaires &#038; Initiatives\"}]},{\"@type\":\"WebSite\",\"@id\":\"https:\\\/\\\/bencis.com\\\/#website\",\"url\":\"https:\\\/\\\/bencis.com\\\/\",\"name\":\"Bencis\",\"description\":\"Realising Ambitions\",\"potentialAction\":[{\"@type\":\"SearchAction\",\"target\":{\"@type\":\"EntryPoint\",\"urlTemplate\":\"https:\\\/\\\/bencis.com\\\/?s={search_term_string}\"},\"query-input\":{\"@type\":\"PropertyValueSpecification\",\"valueRequired\":true,\"valueName\":\"search_term_string\"}}],\"inLanguage\":\"fr-FR\"}]}<\/script>\n<!-- \/ Yoast SEO plugin. -->","yoast_head_json":{"title":"Partenaires & Initiatives | Bencis","description":"Bencis soutient divers partenaires et initiatives, notamment Level20, Jeroen Pit Huis, NVP et Trees for All.","robots":{"index":"index","follow":"follow","max-snippet":"max-snippet:-1","max-image-preview":"max-image-preview:large","max-video-preview":"max-video-preview:-1"},"canonical":"https:\/\/bencis.com\/fr\/partenaires-initiatives\/","og_locale":"fr_FR","og_type":"article","og_title":"Partenaires & Initiatives | Bencis","og_description":"Bencis soutient divers partenaires et initiatives, notamment Level20, Jeroen Pit Huis, NVP et Trees for All.","og_url":"https:\/\/bencis.com\/fr\/partenaires-initiatives\/","og_site_name":"Bencis","article_modified_time":"2023-01-17T08:28:12+00:00","twitter_card":"summary_large_image","schema":{"@context":"https:\/\/schema.org","@graph":[{"@type":"WebPage","@id":"https:\/\/bencis.com\/fr\/partenaires-initiatives\/","url":"https:\/\/bencis.com\/fr\/partenaires-initiatives\/","name":"Partenaires & Initiatives | Bencis","isPartOf":{"@id":"https:\/\/bencis.com\/#website"},"datePublished":"2021-12-08T15:15:39+00:00","dateModified":"2023-01-17T08:28:12+00:00","description":"Bencis soutient divers partenaires et initiatives, notamment Level20, Jeroen Pit Huis, NVP et Trees for All.","breadcrumb":{"@id":"https:\/\/bencis.com\/fr\/partenaires-initiatives\/#breadcrumb"},"inLanguage":"fr-FR","potentialAction":[{"@type":"ReadAction","target":["https:\/\/bencis.com\/fr\/partenaires-initiatives\/"]}]},{"@type":"BreadcrumbList","@id":"https:\/\/bencis.com\/fr\/partenaires-initiatives\/#breadcrumb","itemListElement":[{"@type":"ListItem","position":1,"name":"Home","item":"https:\/\/bencis.com\/fr\/"},{"@type":"ListItem","position":2,"name":"Partenaires &#038; Initiatives"}]},{"@type":"WebSite","@id":"https:\/\/bencis.com\/#website","url":"https:\/\/bencis.com\/","name":"Bencis","description":"Realising Ambitions","potentialAction":[{"@type":"SearchAction","target":{"@type":"EntryPoint","urlTemplate":"https:\/\/bencis.com\/?s={search_term_string}"},"query-input":{"@type":"PropertyValueSpecification","valueRequired":true,"valueName":"search_term_string"}}],"inLanguage":"fr-FR"}]}},"_links":{"self":[{"href":"https:\/\/bencis.com\/fr\/wp-json\/wp\/v2\/pages\/1755","targetHints":{"allow":["GET"]}}],"collection":[{"href":"https:\/\/bencis.com\/fr\/wp-json\/wp\/v2\/pages"}],"about":[{"href":"https:\/\/bencis.com\/fr\/wp-json\/wp\/v2\/types\/page"}],"author":[{"embeddable":true,"href":"https:\/\/bencis.com\/fr\/wp-json\/wp\/v2\/users\/1"}],"replies":[{"embeddable":true,"href":"https:\/\/bencis.com\/fr\/wp-json\/wp\/v2\/comments?post=1755"}],"version-history":[{"count":34,"href":"https:\/\/bencis.com\/fr\/wp-json\/wp\/v2\/pages\/1755\/revisions"}],"predecessor-version":[{"id":5762,"href":"https:\/\/bencis.com\/fr\/wp-json\/wp\/v2\/pages\/1755\/revisions\/5762"}],"wp:attachment":[{"href":"https:\/\/bencis.com\/fr\/wp-json\/wp\/v2\/media?parent=1755"}],"curies":[{"name":"wp","href":"https:\/\/api.w.org\/{rel}","templated":true}]}}