{"id":1749,"date":"2021-12-08T11:38:21","date_gmt":"2021-12-08T11:38:21","guid":{"rendered":"https:\/\/www.bencis.com\/privacy-and-cookie-policy\/"},"modified":"2022-06-07T08:47:33","modified_gmt":"2022-06-07T08:47:33","slug":"privacy-and-cookie-policy","status":"publish","type":"page","link":"https:\/\/bencis.com\/fr\/privacy-and-cookie-policy\/","title":{"rendered":"Politique de confidentialit\u00e9 et de cookies"},"content":{"rendered":"            <div class=\"full-text-module trigger-in-view  \" style=\"background-color: ;\">\r\n            <div class=\"inner cf\">\r\n                <div class=\"text-wrap fade-in\">\r\n                    <h1>Politique de confidentialit\u00e9 et de cookies<\/h1>\n<p class=\"p1\"><span class=\"s1\"><b>Introduction<br \/>\n<\/b><\/span><span class=\"s1\">Ceci est la politique de confidentialit\u00e9 du site Web www.bencis.com. Elle d\u00e9crit notre fa\u00e7on de g\u00e9rer les donn\u00e9es \u00e0 caract\u00e8re personnel collect\u00e9es via notre site Web et explique de quelle fa\u00e7on les informations sont exploit\u00e9es dans le but de vous fournir des services. Toutes les donn\u00e9es \u00e0 caract\u00e8re personnel sont trait\u00e9es soigneusement et seront transf\u00e9r\u00e9es \u00e0 d\u2019autres entit\u00e9s de Bencis ainsi qu\u2019\u00e0 nos sous-traitants tels que la soci\u00e9t\u00e9 d\u2019h\u00e9bergement.<\/span><\/p>\n<p class=\"p1\"><span class=\"s1\">Cette politique sera mise \u00e0 jour de temps \u00e0 autre, par exemple si nous ajoutons \u00e0 notre site Web de nouvelles fonctionnalit\u00e9s n\u00e9cessitant l\u2019utilisation des donn\u00e9es \u00e0 caract\u00e8re personnel.<\/span><\/p>\n<p class=\"p1\"><span class=\"s1\"><b>Comment utilisons-nous vos donn\u00e9es \u00e0 caract\u00e8re personnel ?<br \/>\n<\/b><\/span><span class=\"s1\">Nous utilisons les donn\u00e9es \u00e0 caract\u00e8re personnel que vous nous fournissez en toute connaissance de cause via notre site Web. Par exemple, lorsque vous vous abonnez \u00e0 la lettre d\u2019information de Bencis ou que vous vous inscrivez \u00e0 un \u00e9v\u00e9nement, nous vous demanderons les renseignements suivants\u00a0: votre nom, le nom de l\u2019entreprise, l\u2019adresse et l\u2019adresse e-mail. Ces donn\u00e9es servent \u00e0 s\u00e9lectionner les lettres d\u2019information qui vous sont pertinentes et \u00e0 vous inviter aux prochains \u00e9v\u00e9nements. Nous pouvons \u00e9galement exploiter ces donn\u00e9es pour vous informer de tout sujet susceptible de vous int\u00e9resser.<\/span><\/p>\n<p class=\"p1\"><span class=\"s1\">Par ailleurs, nous traitons automatiquement les donn\u00e9es \u00e0 caract\u00e8re personnel \u00e0 des fins de gestion technique et fonctionnelle de notre site Web et pour garantir sa simplicit\u00e9 d\u2019utilisation. Pour ce faire, nous pouvons traiter des donn\u00e9es telles que votre adresse IP, les pages que vous consultez sur notre site Web, le navigateur que vous utilisez, des donn\u00e9es d\u00e9mographiques, l\u2019heure et la dur\u00e9e de votre visite. Nous utilisons aussi les cookies aux m\u00eames fins. Les cookies nous aident \u00e0 savoir comment le site Web est utilis\u00e9 afin d\u2019am\u00e9liorer l\u2019exp\u00e9rience globale de l\u2019utilisateur. Voir ci-dessous un compl\u00e9ment d\u2019information sur les cookies.<\/span><\/p>\n<p class=\"p1\"><span class=\"s1\">Enfin, lorsque vous nous contactez pour des questions ou des demandes, nous utilisons les donn\u00e9es \u00e0 caract\u00e8re personnel que vous nous fournissez pour r\u00e9pondre \u00e0 votre requ\u00eate.<\/span><\/p>\n<p class=\"p1\"><span class=\"s1\"><b>S\u00e9curit\u00e9<br \/>\n<\/b><\/span><span class=\"s1\">Bencis prot\u00e8ge vos donn\u00e9es \u00e0 caract\u00e8re personnel via diff\u00e9rentes mesures techniques et organisationnelles comme les pare-feu, les serveurs s\u00e9curis\u00e9s et les accords de traitement de donn\u00e9es avec les tiers h\u00e9bergeant notre site Web.\u00a0<\/span><\/p>\n<p class=\"p1\"><span class=\"s1\">En particulier, nous prenons les mesures suivantes\u00a0:<\/span><\/p>\n<ul class=\"ul1\">\n<li class=\"li1\"><span class=\"s1\">l\u2019acc\u00e8s aux donn\u00e9es \u00e0 caract\u00e8re personnel n\u00e9cessite un nom d\u2019utilisateur et un mot de passe\u00a0;<\/span><\/li>\n<li class=\"li1\"><span class=\"s1\">nous utilisons des connexions s\u00e9curis\u00e9es (protocole SSL) pour crypter toutes les informations entre vous et notre site Web lorsque vous saisissez vos donn\u00e9es personnelles.<\/span><\/li>\n<\/ul>\n<p class=\"p1\"><span class=\"s1\"><b>Cookies<br \/>\n<\/b><\/span><span class=\"s1\">Les cookies sont de petits fichiers texte qui sont plac\u00e9s sur votre appareil. Nous faisons appel \u00e0 des cookies d\u2019analyse de tiers \u00e0 des fins d\u2019analyses et d\u2019am\u00e9lioration des fonctionnalit\u00e9s et de la convivialit\u00e9 de notre site Web.<\/span><\/p>\n<p class=\"p1\"><span class=\"s1\">Si vous refusez l\u2019utilisation des cookies, nous placerons un cookie nofollow fonctionnel sur votre appareil pour garder votre choix en m\u00e9moire. Il expirera apr\u00e8s deux semaines.\u00a0<\/span><\/p>\n<p class=\"p1\"><span class=\"s1\">Les cookies peuvent aussi \u00eatre plac\u00e9s par les divers m\u00e9dias sociaux figurant sur notre site Web. Les m\u00e9dias sociaux utilisent de tels cookies pour activer des fonctionnalit\u00e9s et aussi collecter des informations qu\u2019ils peuvent exploiter pour leur propre usage.<\/span><\/p>\n<p class=\"p1\"><span class=\"s1\">\u00c0 tout moment, vous pouvez activer ou d\u00e9sactiver les cookies en modifiant les param\u00e8tres de cookies de votre navigateur.<\/span><\/p>\n<p class=\"p1\"><span class=\"s1\">Toutes les donn\u00e9es que nous collectons par l\u2019utilisation des cookies seront trait\u00e9es de mani\u00e8re confidentielle.<\/span><\/p>\n<p class=\"p1\"><span class=\"s1\"><b>M\u00e9dias sociaux<br \/>\n<\/b><\/span><span class=\"s1\">Si vous partagez le contenu du site Web de Bencis via les m\u00e9dias sociaux, vos donn\u00e9es \u00e0 caract\u00e8re personnel seront visibles pour les visiteurs de vos pages personnelles sur ces sites de m\u00e9dias sociaux. Nous ne sommes pas responsables du traitement de vos donn\u00e9es \u00e0 caract\u00e8re personnel via de tels m\u00e9dias.<\/span><\/p>\n<p class=\"p1\"><span class=\"s1\"><b>Autres sites Internet<br \/>\n<\/b><\/span><span class=\"s1\">Le site Web Bencis peut fournir des r\u00e9f\u00e9rences, y compris des liens hypertextes, vers des sites Web propos\u00e9s par d\u2019autres entreprises\/personnes ou des m\u00e9dias sociaux. Bencis n\u2019est pas responsable du traitement de vos donn\u00e9es \u00e0 caract\u00e8re personnel via ces sites Web. Cette politique de confidentialit\u00e9 et de cookies n\u2019est pas applicable \u00e0 l\u2019utilisation de tels sites Web.<\/span><\/p>\n<p class=\"p1\"><span class=\"s1\">Nous collaborons avec d\u2019autres organisations qui peuvent recevoir vos donn\u00e9es \u00e0 caract\u00e8re personnel. Nous communiquons vos donn\u00e9es \u00e0 caract\u00e8re personnel \u00e0 d\u2019autres entreprises ou organisations lorsque la loi nous y oblige (par exemple, lorsque la police demande l\u2019acc\u00e8s aux donn\u00e9es \u00e0 caract\u00e8re personnel en cas de suspicion de crime).<\/span><\/p>\n<p class=\"p1\"><span class=\"s1\"><b>Acc\u00e8s, correction et suppression<br \/>\n<\/b><\/span><span class=\"s1\">Vous avez le droit de consulter, corriger et supprimer gratuitement vos donn\u00e9es \u00e0 caract\u00e8re personnel trait\u00e9es par Bencis, ainsi que de vous opposer au traitement de vos donn\u00e9es \u00e0 caract\u00e8re personnel \u00e0 des fins de marketing direct.<\/span><\/p>\n<p class=\"p1\"><span class=\"s1\">Si vous souhaitez acc\u00e9der \u00e0 vos donn\u00e9es \u00e0 caract\u00e8re personnel trait\u00e9es par Bencis ou les mettre \u00e0 jour, les corriger ou les supprimer, veuillez envoyer votre demande \u00e0\u00a0<a href=\"mailto:info@bencis.com\"><span class=\"s3\">info@bencis.com<\/span><\/a>\u00a0ou par la poste au responsable du traitement de donn\u00e9es pour Bencis, mentionn\u00e9 ci-apr\u00e8s.<\/span><\/p>\n<p class=\"p1\"><span class=\"s1\">Si vous avez des questions ou r\u00e9clamations au sujet de cette politique de confidentialit\u00e9 et de cookies, veuillez envoyer un e-mail \u00e0\u00a0<a href=\"mailto:info@bencis.com\"><span class=\"s3\">info@bencis.com<\/span><\/a>.\u00a0Si vous estimez que nous ne vous aidons pas convenablement, vous avez le droit de d\u00e9poser plainte aupr\u00e8s de l\u2019autorit\u00e9 comp\u00e9tente. Pour les Pays-Bas, il s\u2019agit de Autoriteit Persoonsgegevens (Autorit\u00e9 de protection des donn\u00e9es).<\/span><\/p>\n<p class=\"p1\"><span class=\"s1\"><b>Responsabilit\u00e9 de vos donn\u00e9es \u00e0 caract\u00e8re personnel<br \/>\n<\/b><\/span><span class=\"s1\">Bencis Capital Partners B.V., sis \u00e0 Zuidplein 76, 1077\u00a0XV Amsterdam, Pays-Bas, Bencis Capital Partners Belgium N.V., sis \u00e0 Culliganlaan 2E, 1831 Bruxelles et Bencis Capital Partners Deutschland GmbH, sis \u00e0 Kaiserswerther Stra\u00dfe 115, 40880 Ratingen ont la responsabilit\u00e9 conjointe de vos donn\u00e9es \u00e0 caract\u00e8re personnel.<\/span><\/p>\n                <\/div><!--end of text-wrap-->\r\n            <\/div><!--end of inner-->\r\n        <\/div><!--end of full-text-module-->\r\n\t\t","protected":false},"excerpt":{"rendered":"","protected":false},"author":1,"featured_media":0,"parent":0,"menu_order":0,"comment_status":"closed","ping_status":"closed","template":"","meta":{"_acf_changed":false,"footnotes":""},"class_list":["post-1749","page","type-page","status-publish","hentry"],"acf":[],"yoast_head":"<!-- This site is optimized with the Yoast SEO plugin v27.4 - https:\/\/yoast.com\/product\/yoast-seo-wordpress\/ -->\n<title>Politique de confidentialit\u00e9 et de cookies | Bencis<\/title>\n<meta name=\"description\" content=\"eci est la politique de confidentialit\u00e9 du site Web www.bencis.com.\" \/>\n<meta name=\"robots\" content=\"index, follow, max-snippet:-1, max-image-preview:large, max-video-preview:-1\" \/>\n<link rel=\"canonical\" href=\"https:\/\/bencis.com\/fr\/privacy-and-cookie-policy\/\" \/>\n<meta property=\"og:locale\" content=\"fr_FR\" \/>\n<meta property=\"og:type\" content=\"article\" \/>\n<meta property=\"og:title\" content=\"Politique de confidentialit\u00e9 et de cookies | Bencis\" \/>\n<meta property=\"og:description\" content=\"eci est la politique de confidentialit\u00e9 du site Web www.bencis.com.\" \/>\n<meta property=\"og:url\" content=\"https:\/\/bencis.com\/fr\/privacy-and-cookie-policy\/\" \/>\n<meta property=\"og:site_name\" content=\"Bencis\" \/>\n<meta property=\"article:modified_time\" content=\"2022-06-07T08:47:33+00:00\" \/>\n<meta name=\"twitter:card\" content=\"summary_large_image\" \/>\n<script type=\"application\/ld+json\" class=\"yoast-schema-graph\">{\"@context\":\"https:\\\/\\\/schema.org\",\"@graph\":[{\"@type\":\"WebPage\",\"@id\":\"https:\\\/\\\/bencis.com\\\/fr\\\/privacy-and-cookie-policy\\\/\",\"url\":\"https:\\\/\\\/bencis.com\\\/fr\\\/privacy-and-cookie-policy\\\/\",\"name\":\"Politique de confidentialit\u00e9 et de cookies | Bencis\",\"isPartOf\":{\"@id\":\"https:\\\/\\\/bencis.com\\\/#website\"},\"datePublished\":\"2021-12-08T11:38:21+00:00\",\"dateModified\":\"2022-06-07T08:47:33+00:00\",\"description\":\"eci est la politique de confidentialit\u00e9 du site Web www.bencis.com.\",\"breadcrumb\":{\"@id\":\"https:\\\/\\\/bencis.com\\\/fr\\\/privacy-and-cookie-policy\\\/#breadcrumb\"},\"inLanguage\":\"fr-FR\",\"potentialAction\":[{\"@type\":\"ReadAction\",\"target\":[\"https:\\\/\\\/bencis.com\\\/fr\\\/privacy-and-cookie-policy\\\/\"]}]},{\"@type\":\"BreadcrumbList\",\"@id\":\"https:\\\/\\\/bencis.com\\\/fr\\\/privacy-and-cookie-policy\\\/#breadcrumb\",\"itemListElement\":[{\"@type\":\"ListItem\",\"position\":1,\"name\":\"Home\",\"item\":\"https:\\\/\\\/bencis.com\\\/fr\\\/\"},{\"@type\":\"ListItem\",\"position\":2,\"name\":\"Politique de confidentialit\u00e9 et de cookies\"}]},{\"@type\":\"WebSite\",\"@id\":\"https:\\\/\\\/bencis.com\\\/#website\",\"url\":\"https:\\\/\\\/bencis.com\\\/\",\"name\":\"Bencis\",\"description\":\"Realising Ambitions\",\"potentialAction\":[{\"@type\":\"SearchAction\",\"target\":{\"@type\":\"EntryPoint\",\"urlTemplate\":\"https:\\\/\\\/bencis.com\\\/?s={search_term_string}\"},\"query-input\":{\"@type\":\"PropertyValueSpecification\",\"valueRequired\":true,\"valueName\":\"search_term_string\"}}],\"inLanguage\":\"fr-FR\"}]}<\/script>\n<!-- \/ Yoast SEO plugin. -->","yoast_head_json":{"title":"Politique de confidentialit\u00e9 et de cookies | Bencis","description":"eci est la politique de confidentialit\u00e9 du site Web www.bencis.com.","robots":{"index":"index","follow":"follow","max-snippet":"max-snippet:-1","max-image-preview":"max-image-preview:large","max-video-preview":"max-video-preview:-1"},"canonical":"https:\/\/bencis.com\/fr\/privacy-and-cookie-policy\/","og_locale":"fr_FR","og_type":"article","og_title":"Politique de confidentialit\u00e9 et de cookies | Bencis","og_description":"eci est la politique de confidentialit\u00e9 du site Web www.bencis.com.","og_url":"https:\/\/bencis.com\/fr\/privacy-and-cookie-policy\/","og_site_name":"Bencis","article_modified_time":"2022-06-07T08:47:33+00:00","twitter_card":"summary_large_image","schema":{"@context":"https:\/\/schema.org","@graph":[{"@type":"WebPage","@id":"https:\/\/bencis.com\/fr\/privacy-and-cookie-policy\/","url":"https:\/\/bencis.com\/fr\/privacy-and-cookie-policy\/","name":"Politique de confidentialit\u00e9 et de cookies | Bencis","isPartOf":{"@id":"https:\/\/bencis.com\/#website"},"datePublished":"2021-12-08T11:38:21+00:00","dateModified":"2022-06-07T08:47:33+00:00","description":"eci est la politique de confidentialit\u00e9 du site Web www.bencis.com.","breadcrumb":{"@id":"https:\/\/bencis.com\/fr\/privacy-and-cookie-policy\/#breadcrumb"},"inLanguage":"fr-FR","potentialAction":[{"@type":"ReadAction","target":["https:\/\/bencis.com\/fr\/privacy-and-cookie-policy\/"]}]},{"@type":"BreadcrumbList","@id":"https:\/\/bencis.com\/fr\/privacy-and-cookie-policy\/#breadcrumb","itemListElement":[{"@type":"ListItem","position":1,"name":"Home","item":"https:\/\/bencis.com\/fr\/"},{"@type":"ListItem","position":2,"name":"Politique de confidentialit\u00e9 et de cookies"}]},{"@type":"WebSite","@id":"https:\/\/bencis.com\/#website","url":"https:\/\/bencis.com\/","name":"Bencis","description":"Realising Ambitions","potentialAction":[{"@type":"SearchAction","target":{"@type":"EntryPoint","urlTemplate":"https:\/\/bencis.com\/?s={search_term_string}"},"query-input":{"@type":"PropertyValueSpecification","valueRequired":true,"valueName":"search_term_string"}}],"inLanguage":"fr-FR"}]}},"_links":{"self":[{"href":"https:\/\/bencis.com\/fr\/wp-json\/wp\/v2\/pages\/1749","targetHints":{"allow":["GET"]}}],"collection":[{"href":"https:\/\/bencis.com\/fr\/wp-json\/wp\/v2\/pages"}],"about":[{"href":"https:\/\/bencis.com\/fr\/wp-json\/wp\/v2\/types\/page"}],"author":[{"embeddable":true,"href":"https:\/\/bencis.com\/fr\/wp-json\/wp\/v2\/users\/1"}],"replies":[{"embeddable":true,"href":"https:\/\/bencis.com\/fr\/wp-json\/wp\/v2\/comments?post=1749"}],"version-history":[{"count":5,"href":"https:\/\/bencis.com\/fr\/wp-json\/wp\/v2\/pages\/1749\/revisions"}],"predecessor-version":[{"id":4903,"href":"https:\/\/bencis.com\/fr\/wp-json\/wp\/v2\/pages\/1749\/revisions\/4903"}],"wp:attachment":[{"href":"https:\/\/bencis.com\/fr\/wp-json\/wp\/v2\/media?parent=1749"}],"curies":[{"name":"wp","href":"https:\/\/api.w.org\/{rel}","templated":true}]}}